{"id":29739,"date":"2023-12-26T17:12:16","date_gmt":"2023-12-26T16:12:16","guid":{"rendered":"https:\/\/pingprice.tgic.be\/?page_id=29739"},"modified":"2024-01-28T22:06:12","modified_gmt":"2024-01-28T21:06:12","slug":"partenaires","status":"publish","type":"page","link":"http:\/\/www.pingprice.be\/fr\/partenaires\/","title":{"rendered":"Partenaires"},"content":{"rendered":"\t\t<div data-elementor-type=\"wp-page\" data-elementor-id=\"29739\" class=\"elementor elementor-29739\" data-elementor-post-type=\"page\">\n\t\t\t\t\t\t<section class=\"elementor-section elementor-top-section elementor-element elementor-element-0b36972 elementor-section-boxed elementor-section-height-default elementor-section-height-default\" data-id=\"0b36972\" data-element_type=\"section\" data-e-type=\"section\" data-settings=\"{&quot;background_background&quot;:&quot;gradient&quot;}\">\n\t\t\t\t\t\t<div class=\"elementor-container elementor-column-gap-no\">\n\t\t\t\t\t<div class=\"elementor-column elementor-col-100 elementor-top-column elementor-element elementor-element-ae4e0ea\" data-id=\"ae4e0ea\" data-element_type=\"column\" data-e-type=\"column\">\n\t\t\t<div class=\"elementor-widget-wrap elementor-element-populated\">\n\t\t\t\t\t\t<div class=\"elementor-element elementor-element-a394523 elementor-widget elementor-widget-hub_fancy_heading\" data-id=\"a394523\" data-element_type=\"widget\" data-e-type=\"widget\" data-widget_type=\"hub_fancy_heading.default\">\n\t\t\t\t<div class=\"elementor-widget-container\">\n\t\t\t\t\t\n\t\t<div id=\"ld-fancy-heading-69e1b63ec4430\" class=\"ld-fancy-heading pos-rel\">\n\t\t\t\t\t<\/div>\n\n\t\t\t\t\t\t<\/div>\n\t\t\t\t<\/div>\n\t\t\t\t\t<\/div>\n\t\t<\/div>\n\t\t\t\t\t<\/div>\n\t\t<\/section>\n\t\t<div class=\"elementor-element elementor-element-ed353ab e-flex e-con-boxed e-con e-parent\" data-id=\"ed353ab\" data-element_type=\"container\" data-e-type=\"container\">\n\t\t\t\t\t<div class=\"e-con-inner\">\n\t\t<div class=\"elementor-element elementor-element-689c6d9 e-con-full e-flex e-con e-child\" data-id=\"689c6d9\" data-element_type=\"container\" data-e-type=\"container\">\n\t\t\t\t<div class=\"elementor-element elementor-element-0b14731 elementor-widget elementor-widget-text-editor\" data-id=\"0b14731\" data-element_type=\"widget\" data-e-type=\"widget\" data-widget_type=\"text-editor.default\">\n\t\t\t\t<div class=\"elementor-widget-container\">\n\t\t\t\t\t\t\t\t\t<p>Nous sommes convaincus de l\u2019importance d\u2019\u00eatre bien entour\u00e9s et de cr\u00e9er autour de nous un r\u00e9seau inspirant.<\/p><p>Chez PingPrice\u2122, nous croyons fermement que la collaboration et les partenariats strat\u00e9giques sont essentiels pour offrir les meilleures solutions et exp\u00e9riences \u00e0 nos utilisateurs et \u00e0 nos clients. C&rsquo;est pourquoi nous sommes fiers de collaborer avec une vari\u00e9t\u00e9 de partenaires qui partagent notre vision et nos valeurs.<\/p><p>Nos partenaires jouent un r\u00f4le crucial dans notre succ\u00e8s et dans la qualit\u00e9 des services que nous offrons. Ils nous apportent leur expertise, leurs technologies innovantes, et leur soutien, nous permettant ainsi d&rsquo;\u00e9largir notre offre et de renforcer notre position sur le march\u00e9.<\/p>\t\t\t\t\t\t\t\t<\/div>\n\t\t\t\t<\/div>\n\t\t\t\t<div class=\"elementor-element elementor-element-7a971c2 elementor-widget elementor-widget-spacer\" data-id=\"7a971c2\" data-element_type=\"widget\" data-e-type=\"widget\" data-widget_type=\"spacer.default\">\n\t\t\t\t<div class=\"elementor-widget-container\">\n\t\t\t\t\t\t\t<div class=\"elementor-spacer\">\n\t\t\t<div class=\"elementor-spacer-inner\"><\/div>\n\t\t<\/div>\n\t\t\t\t\t\t<\/div>\n\t\t\t\t<\/div>\n\t\t\t\t<\/div>\n\t\t<div class=\"elementor-element elementor-element-c0d5c9b e-con-full e-flex e-con e-child\" data-id=\"c0d5c9b\" data-element_type=\"container\" data-e-type=\"container\">\n\t\t\t\t<div class=\"elementor-element elementor-element-399d9ff elementor-widget elementor-widget-image\" data-id=\"399d9ff\" data-element_type=\"widget\" data-e-type=\"widget\" data-widget_type=\"image.default\">\n\t\t\t\t<div class=\"elementor-widget-container\">\n\t\t\t\t\t\t\t\t\t\t\t\t\t\t\t<img fetchpriority=\"high\" decoding=\"async\" width=\"780\" height=\"780\" src=\"https:\/\/www.pingprice.be\/wp-content\/uploads\/2023\/12\/partanaires.svg\" class=\"attachment-large size-large wp-image-29742\" alt=\"\" \/>\t\t\t\t\t\t\t\t\t\t\t\t\t\t\t<\/div>\n\t\t\t\t<\/div>\n\t\t\t\t<\/div>\n\t\t\t\t\t<\/div>\n\t\t\t\t<\/div>\n\t\t<div class=\"elementor-element elementor-element-b2e97d1 e-flex e-con-boxed e-con e-parent\" data-id=\"b2e97d1\" data-element_type=\"container\" data-e-type=\"container\">\n\t\t\t\t\t<div class=\"e-con-inner\">\n\t\t<div class=\"elementor-element elementor-element-c7da3dc e-con-full e-flex e-con e-child\" data-id=\"c7da3dc\" data-element_type=\"container\" data-e-type=\"container\">\n\t\t\t\t<div class=\"elementor-element elementor-element-a7a641c elementor-widget elementor-widget-heading\" data-id=\"a7a641c\" data-element_type=\"widget\" data-e-type=\"widget\" data-widget_type=\"heading.default\">\n\t\t\t\t<div class=\"elementor-widget-container\">\n\t\t\t\t\t<h5 class=\"elementor-heading-title elementor-size-default\">Voici quelques-uns de nos partenaires cl\u00e9s<\/h5>\t\t\t\t<\/div>\n\t\t\t\t<\/div>\n\t\t\t\t<\/div>\n\t\t\t\t\t<\/div>\n\t\t\t\t<\/div>\n\t\t<div class=\"elementor-element elementor-element-c3e84af e-flex e-con-boxed e-con e-parent\" data-id=\"c3e84af\" data-element_type=\"container\" data-e-type=\"container\">\n\t\t\t\t\t<div class=\"e-con-inner\">\n\t\t<div class=\"elementor-element elementor-element-e9523e6 e-con-full e-flex e-con e-child\" data-id=\"e9523e6\" data-element_type=\"container\" data-e-type=\"container\">\n\t\t\t\t<div class=\"elementor-element elementor-element-bc61952 elementor-widget elementor-widget-image\" data-id=\"bc61952\" data-element_type=\"widget\" data-e-type=\"widget\" data-widget_type=\"image.default\">\n\t\t\t\t<div class=\"elementor-widget-container\">\n\t\t\t\t\t\t\t\t\t\t\t\t\t\t\t\t<a href=\"https:\/\/www.imecistart.com\/\" target=\"_blank\">\n\t\t\t\t\t\t\t<img decoding=\"async\" width=\"127\" height=\"32\" src=\"https:\/\/www.pingprice.be\/wp-content\/uploads\/2023\/12\/logo-imecistart_svg__Layer_1.svg\" class=\"attachment-full size-full wp-image-29743\" alt=\"\" \/>\t\t\t\t\t\t\t\t<\/a>\n\t\t\t\t\t\t\t\t\t\t\t\t\t\t\t<\/div>\n\t\t\t\t<\/div>\n\t\t\t\t<\/div>\n\t\t<div class=\"elementor-element elementor-element-3cbe80d e-con-full e-flex e-con e-child\" data-id=\"3cbe80d\" data-element_type=\"container\" data-e-type=\"container\">\n\t\t\t\t<div class=\"elementor-element elementor-element-e1dd5b4 elementor-widget elementor-widget-image\" data-id=\"e1dd5b4\" data-element_type=\"widget\" data-e-type=\"widget\" data-widget_type=\"image.default\">\n\t\t\t\t<div class=\"elementor-widget-container\">\n\t\t\t\t\t\t\t\t\t\t\t\t\t\t\t\t<a href=\"https:\/\/www.frontware.com\/\" target=\"_blank\">\n\t\t\t\t\t\t\t<img decoding=\"async\" width=\"512\" height=\"512\" src=\"data:image\/svg+xml;charset=utf-8,%3Csvg xmlns%3D&#039;http%3A%2F%2Fwww.w3.org%2F2000%2Fsvg&#039; viewBox%3D&#039;0 0 512 512&#039;%2F%3E\" class=\"attachment-large size-large wp-image-29744 ld-lazyload\" alt=\"\" data-src=\"https:\/\/www.pingprice.be\/wp-content\/uploads\/2023\/12\/fw-logo.png\" data-srcset=\"http:\/\/www.pingprice.be\/wp-content\/uploads\/2023\/12\/fw-logo.png 512w, http:\/\/www.pingprice.be\/wp-content\/uploads\/2023\/12\/fw-logo-300x300.png 300w, http:\/\/www.pingprice.be\/wp-content\/uploads\/2023\/12\/fw-logo-150x150.png 150w, http:\/\/www.pingprice.be\/wp-content\/uploads\/2023\/12\/fw-logo-320x320.png 320w\" data-sizes=\"(max-width: 512px) 100vw, 512px\" data-aspect=\"1\" \/>\t\t\t\t\t\t\t\t<\/a>\n\t\t\t\t\t\t\t\t\t\t\t\t\t\t\t<\/div>\n\t\t\t\t<\/div>\n\t\t\t\t<\/div>\n\t\t<div class=\"elementor-element elementor-element-051db33 e-con-full e-flex e-con e-child\" data-id=\"051db33\" data-element_type=\"container\" data-e-type=\"container\">\n\t\t\t\t<div class=\"elementor-element elementor-element-2e06b59 elementor-widget elementor-widget-image\" data-id=\"2e06b59\" data-element_type=\"widget\" data-e-type=\"widget\" data-widget_type=\"image.default\">\n\t\t\t\t<div class=\"elementor-widget-container\">\n\t\t\t\t\t\t\t\t\t\t\t\t\t\t\t\t<a href=\"https:\/\/hub.brussels\/fr\/\" target=\"_blank\">\n\t\t\t\t\t\t\t<img loading=\"lazy\" decoding=\"async\" width=\"300\" height=\"128\" src=\"data:image\/svg+xml;charset=utf-8,%3Csvg xmlns%3D&#039;http%3A%2F%2Fwww.w3.org%2F2000%2Fsvg&#039; viewBox%3D&#039;0 0 300 128&#039;%2F%3E\" class=\"attachment-large size-large wp-image-29745 ld-lazyload\" alt=\"\" data-src=\"https:\/\/www.pingprice.be\/wp-content\/uploads\/2023\/12\/logo-hub-300x0-c-default.png\" data-aspect=\"2.34375\" \/>\t\t\t\t\t\t\t\t<\/a>\n\t\t\t\t\t\t\t\t\t\t\t\t\t\t\t<\/div>\n\t\t\t\t<\/div>\n\t\t\t\t<\/div>\n\t\t\t\t\t<\/div>\n\t\t\t\t<\/div>\n\t\t<div class=\"elementor-element elementor-element-9fe6277 e-flex e-con-boxed e-con e-parent\" data-id=\"9fe6277\" data-element_type=\"container\" data-e-type=\"container\">\n\t\t\t\t\t<div class=\"e-con-inner\">\n\t\t<div class=\"elementor-element elementor-element-46e030b e-con-full e-flex e-con e-child\" data-id=\"46e030b\" data-element_type=\"container\" data-e-type=\"container\">\n\t\t\t\t<div class=\"elementor-element elementor-element-e47998d elementor-widget elementor-widget-image\" data-id=\"e47998d\" data-element_type=\"widget\" data-e-type=\"widget\" data-widget_type=\"image.default\">\n\t\t\t\t<div class=\"elementor-widget-container\">\n\t\t\t\t\t\t\t\t\t\t\t\t\t\t\t\t<a href=\"https:\/\/www.capinnove.be\/\" target=\"_blank\">\n\t\t\t\t\t\t\t<img loading=\"lazy\" decoding=\"async\" width=\"374\" height=\"200\" src=\"data:image\/svg+xml;charset=utf-8,%3Csvg xmlns%3D&#039;http%3A%2F%2Fwww.w3.org%2F2000%2Fsvg&#039; viewBox%3D&#039;0 0 374 200&#039;%2F%3E\" class=\"attachment-large size-large wp-image-29759 ld-lazyload\" alt=\"\" data-src=\"https:\/\/www.pingprice.be\/wp-content\/uploads\/2023\/12\/brand-logo.png\" data-srcset=\"http:\/\/www.pingprice.be\/wp-content\/uploads\/2023\/12\/brand-logo.png 374w, http:\/\/www.pingprice.be\/wp-content\/uploads\/2023\/12\/brand-logo-300x160.png 300w\" data-sizes=\"(max-width: 374px) 100vw, 374px\" data-aspect=\"1.87\" \/>\t\t\t\t\t\t\t\t<\/a>\n\t\t\t\t\t\t\t\t\t\t\t\t\t\t\t<\/div>\n\t\t\t\t<\/div>\n\t\t\t\t<\/div>\n\t\t<div class=\"elementor-element elementor-element-c5ed32c e-con-full e-flex e-con e-child\" data-id=\"c5ed32c\" data-element_type=\"container\" data-e-type=\"container\">\n\t\t\t\t<div class=\"elementor-element elementor-element-519946e elementor-widget elementor-widget-image\" data-id=\"519946e\" data-element_type=\"widget\" data-e-type=\"widget\" data-widget_type=\"image.default\">\n\t\t\t\t<div class=\"elementor-widget-container\">\n\t\t\t\t\t\t\t\t\t\t\t\t\t\t\t\t<a href=\"https:\/\/www.digital-attraxion.com\/\" target=\"_blank\">\n\t\t\t\t\t\t\t<img loading=\"lazy\" decoding=\"async\" width=\"250\" height=\"40\" src=\"data:image\/svg+xml;charset=utf-8,%3Csvg xmlns%3D&#039;http%3A%2F%2Fwww.w3.org%2F2000%2Fsvg&#039; viewBox%3D&#039;0 0 250 40&#039;%2F%3E\" class=\"attachment-large size-large wp-image-29760 ld-lazyload\" alt=\"\" data-src=\"https:\/\/www.pingprice.be\/wp-content\/uploads\/2023\/12\/logo-header.webp\" data-aspect=\"6.25\" \/>\t\t\t\t\t\t\t\t<\/a>\n\t\t\t\t\t\t\t\t\t\t\t\t\t\t\t<\/div>\n\t\t\t\t<\/div>\n\t\t\t\t<\/div>\n\t\t\t\t\t<\/div>\n\t\t\t\t<\/div>\n\t\t\t\t<\/div>\n\t\t","protected":false},"excerpt":{"rendered":"<p>Nous sommes convaincus de l\u2019importance d\u2019\u00eatre bien entour\u00e9s et de cr\u00e9er autour de nous un r\u00e9seau inspirant. Chez PingPrice\u2122, nous croyons fermement que la collaboration et les partenariats strat\u00e9giques sont essentiels pour offrir les meilleures solutions et exp\u00e9riences \u00e0 nos utilisateurs et \u00e0 nos clients. C&rsquo;est pourquoi nous sommes fiers de collaborer avec une vari\u00e9t\u00e9 [&hellip;]<\/p>\n","protected":false},"author":1,"featured_media":0,"parent":0,"menu_order":0,"comment_status":"closed","ping_status":"closed","template":"","meta":{"inline_featured_image":false,"footnotes":""},"class_list":["post-29739","page","type-page","status-publish","hentry"],"_links":{"self":[{"href":"http:\/\/www.pingprice.be\/fr\/wp-json\/wp\/v2\/pages\/29739","targetHints":{"allow":["GET"]}}],"collection":[{"href":"http:\/\/www.pingprice.be\/fr\/wp-json\/wp\/v2\/pages"}],"about":[{"href":"http:\/\/www.pingprice.be\/fr\/wp-json\/wp\/v2\/types\/page"}],"author":[{"embeddable":true,"href":"http:\/\/www.pingprice.be\/fr\/wp-json\/wp\/v2\/users\/1"}],"replies":[{"embeddable":true,"href":"http:\/\/www.pingprice.be\/fr\/wp-json\/wp\/v2\/comments?post=29739"}],"version-history":[{"count":25,"href":"http:\/\/www.pingprice.be\/fr\/wp-json\/wp\/v2\/pages\/29739\/revisions"}],"predecessor-version":[{"id":30825,"href":"http:\/\/www.pingprice.be\/fr\/wp-json\/wp\/v2\/pages\/29739\/revisions\/30825"}],"wp:attachment":[{"href":"http:\/\/www.pingprice.be\/fr\/wp-json\/wp\/v2\/media?parent=29739"}],"curies":[{"name":"wp","href":"https:\/\/api.w.org\/{rel}","templated":true}]}}