{"id":29681,"date":"2023-12-26T13:53:15","date_gmt":"2023-12-26T12:53:15","guid":{"rendered":"https:\/\/pingprice.tgic.be\/?page_id=29681"},"modified":"2024-01-28T22:00:11","modified_gmt":"2024-01-28T21:00:11","slug":"nos-solutions-b2b","status":"publish","type":"page","link":"https:\/\/www.pingprice.be\/fr\/nos-solutions-b2b\/","title":{"rendered":"Nos solutions B2B"},"content":{"rendered":"\t\t<div data-elementor-type=\"wp-page\" data-elementor-id=\"29681\" class=\"elementor elementor-29681\" data-elementor-post-type=\"page\">\n\t\t\t\t\t\t<section class=\"elementor-section elementor-top-section elementor-element elementor-element-0b36972 elementor-section-boxed elementor-section-height-default elementor-section-height-default\" data-id=\"0b36972\" data-element_type=\"section\" data-e-type=\"section\" data-settings=\"{&quot;background_background&quot;:&quot;gradient&quot;}\">\n\t\t\t\t\t\t<div class=\"elementor-container elementor-column-gap-no\">\n\t\t\t\t\t<div class=\"elementor-column elementor-col-100 elementor-top-column elementor-element elementor-element-ae4e0ea\" data-id=\"ae4e0ea\" data-element_type=\"column\" data-e-type=\"column\">\n\t\t\t<div class=\"elementor-widget-wrap elementor-element-populated\">\n\t\t\t\t\t\t<div class=\"elementor-element elementor-element-a394523 elementor-widget elementor-widget-hub_fancy_heading\" data-id=\"a394523\" data-element_type=\"widget\" data-e-type=\"widget\" data-widget_type=\"hub_fancy_heading.default\">\n\t\t\t\t<div class=\"elementor-widget-container\">\n\t\t\t\t\t\n\t\t<div id=\"ld-fancy-heading-69e0a0a61ce48\" class=\"ld-fancy-heading pos-rel\">\n\t\t\t\t\t<\/div>\n\n\t\t\t\t\t\t<\/div>\n\t\t\t\t<\/div>\n\t\t\t\t\t<\/div>\n\t\t<\/div>\n\t\t\t\t\t<\/div>\n\t\t<\/section>\n\t\t<div class=\"elementor-element elementor-element-ed353ab e-flex e-con-boxed e-con e-parent\" data-id=\"ed353ab\" data-element_type=\"container\" data-e-type=\"container\">\n\t\t\t\t\t<div class=\"e-con-inner\">\n\t\t<div class=\"elementor-element elementor-element-689c6d9 e-con-full e-flex e-con e-child\" data-id=\"689c6d9\" data-element_type=\"container\" data-e-type=\"container\">\n\t\t\t\t<div class=\"elementor-element elementor-element-075e89a elementor-widget elementor-widget-text-editor\" data-id=\"075e89a\" data-element_type=\"widget\" data-e-type=\"widget\" data-widget_type=\"text-editor.default\">\n\t\t\t\t<div class=\"elementor-widget-container\">\n\t\t\t\t\t\t\t\t\t<p><strong>Des outils adapt\u00e9s \u00e0 votre activit\u00e9<\/strong><\/p><p>Chez PingPrice\u2122, nous avons d\u00e9velopp\u00e9 une application SaaS r\u00e9serv\u00e9e aux clients professionnels (enseigne, marque, distributeur&#8230;)\u00a0 pour vous apporter des solutions innovantes, pratiques et faciles d&rsquo;acc\u00e8s.<\/p><p>Notre application est con\u00e7ue pour r\u00e9pondre \u00e0 vos besoins sp\u00e9cifiques, avec une vari\u00e9t\u00e9 de fonctionnalit\u00e9s pens\u00e9es pour simplifier votre vie quotidienne. Voici un aper\u00e7u des services que vous pouvez d\u00e9couvrir :<\/p>\t\t\t\t\t\t\t\t<\/div>\n\t\t\t\t<\/div>\n\t\t\t\t<div class=\"elementor-element elementor-element-7a971c2 elementor-widget elementor-widget-spacer\" data-id=\"7a971c2\" data-element_type=\"widget\" data-e-type=\"widget\" data-widget_type=\"spacer.default\">\n\t\t\t\t<div class=\"elementor-widget-container\">\n\t\t\t\t\t\t\t<div class=\"elementor-spacer\">\n\t\t\t<div class=\"elementor-spacer-inner\"><\/div>\n\t\t<\/div>\n\t\t\t\t\t\t<\/div>\n\t\t\t\t<\/div>\n\t\t\t\t<\/div>\n\t\t<div class=\"elementor-element elementor-element-c0d5c9b e-con-full e-flex e-con e-child\" data-id=\"c0d5c9b\" data-element_type=\"container\" data-e-type=\"container\">\n\t\t\t\t<div class=\"elementor-element elementor-element-399d9ff elementor-widget elementor-widget-image\" data-id=\"399d9ff\" data-element_type=\"widget\" data-e-type=\"widget\" data-widget_type=\"image.default\">\n\t\t\t\t<div class=\"elementor-widget-container\">\n\t\t\t\t\t\t\t\t\t\t\t\t\t\t\t<img fetchpriority=\"high\" decoding=\"async\" width=\"780\" height=\"780\" src=\"http:\/\/www.pingprice.be\/wp-content\/uploads\/2023\/12\/b2b_user-1.svg\" class=\"attachment-large size-large wp-image-29691\" alt=\"\" \/>\t\t\t\t\t\t\t\t\t\t\t\t\t\t\t<\/div>\n\t\t\t\t<\/div>\n\t\t\t\t<\/div>\n\t\t\t\t\t<\/div>\n\t\t\t\t<\/div>\n\t\t<div class=\"elementor-element elementor-element-f72f234 e-flex e-con-boxed e-con e-parent\" data-id=\"f72f234\" data-element_type=\"container\" data-e-type=\"container\">\n\t\t\t\t\t<div class=\"e-con-inner\">\n\t\t<div class=\"elementor-element elementor-element-ec6e097 e-con-full e-flex e-con e-child\" data-id=\"ec6e097\" data-element_type=\"container\" data-e-type=\"container\">\n\t\t\t\t<div class=\"elementor-element elementor-element-c65f004 elementor-widget elementor-widget-image\" data-id=\"c65f004\" data-element_type=\"widget\" data-e-type=\"widget\" data-widget_type=\"image.default\">\n\t\t\t\t<div class=\"elementor-widget-container\">\n\t\t\t\t\t\t\t\t\t\t\t\t\t\t\t\t<a href=\"\/fr\/nos-solutions-b2b\/pingmonitoring\/\">\n\t\t\t\t\t\t\t<img decoding=\"async\" width=\"900\" height=\"900\" src=\"http:\/\/www.pingprice.be\/wp-content\/uploads\/2023\/12\/testimo.svg\" class=\"attachment-full size-full wp-image-29593\" alt=\"\" \/>\t\t\t\t\t\t\t\t<\/a>\n\t\t\t\t\t\t\t\t\t\t\t\t\t\t\t<\/div>\n\t\t\t\t<\/div>\n\t\t\t\t<div class=\"elementor-element elementor-element-d25f884 elementor-widget elementor-widget-heading\" data-id=\"d25f884\" data-element_type=\"widget\" data-e-type=\"widget\" data-widget_type=\"heading.default\">\n\t\t\t\t<div class=\"elementor-widget-container\">\n\t\t\t\t\t<h5 class=\"elementor-heading-title elementor-size-default\">PingMonitoring<\/h5>\t\t\t\t<\/div>\n\t\t\t\t<\/div>\n\t\t\t\t<div class=\"elementor-element elementor-element-2c75a09 elementor-align-center elementor-widget elementor-widget-button\" data-id=\"2c75a09\" data-element_type=\"widget\" data-e-type=\"widget\" data-widget_type=\"button.default\">\n\t\t\t\t<div class=\"elementor-widget-container\">\n\t\t\t\t\t\t\t\t\t<div class=\"elementor-button-wrapper\">\n\t\t\t\t\t<a class=\"elementor-button elementor-button-link elementor-size-sm\" href=\"\/fr\/nos-solutions-b2b\/pingmonitoring\/\">\n\t\t\t\t\t\t<span class=\"elementor-button-content-wrapper\">\n\t\t\t\t\t\t\t\t\t<span class=\"elementor-button-text\">En savoir plus<\/span>\n\t\t\t\t\t<\/span>\n\t\t\t\t\t<\/a>\n\t\t\t\t<\/div>\n\t\t\t\t\t\t\t\t<\/div>\n\t\t\t\t<\/div>\n\t\t\t\t<\/div>\n\t\t<div class=\"elementor-element elementor-element-d914e38 e-con-full e-flex e-con e-child\" data-id=\"d914e38\" data-element_type=\"container\" data-e-type=\"container\">\n\t\t\t\t<div class=\"elementor-element elementor-element-4144586 elementor-widget elementor-widget-image\" data-id=\"4144586\" data-element_type=\"widget\" data-e-type=\"widget\" data-widget_type=\"image.default\">\n\t\t\t\t<div class=\"elementor-widget-container\">\n\t\t\t\t\t\t\t\t\t\t\t\t\t\t\t\t<a href=\"\/fr\/nos-solutions-b2b\/pingreporting\/\">\n\t\t\t\t\t\t\t<img decoding=\"async\" width=\"900\" height=\"900\" src=\"http:\/\/www.pingprice.be\/wp-content\/uploads\/2023\/12\/data.svg\" class=\"attachment-full size-full wp-image-29620\" alt=\"\" \/>\t\t\t\t\t\t\t\t<\/a>\n\t\t\t\t\t\t\t\t\t\t\t\t\t\t\t<\/div>\n\t\t\t\t<\/div>\n\t\t\t\t<div class=\"elementor-element elementor-element-e5d8b7e elementor-widget elementor-widget-heading\" data-id=\"e5d8b7e\" data-element_type=\"widget\" data-e-type=\"widget\" data-widget_type=\"heading.default\">\n\t\t\t\t<div class=\"elementor-widget-container\">\n\t\t\t\t\t<h5 class=\"elementor-heading-title elementor-size-default\">PingReporting<\/h5>\t\t\t\t<\/div>\n\t\t\t\t<\/div>\n\t\t\t\t<div class=\"elementor-element elementor-element-81f2c5c elementor-align-center elementor-widget elementor-widget-button\" data-id=\"81f2c5c\" data-element_type=\"widget\" data-e-type=\"widget\" data-widget_type=\"button.default\">\n\t\t\t\t<div class=\"elementor-widget-container\">\n\t\t\t\t\t\t\t\t\t<div class=\"elementor-button-wrapper\">\n\t\t\t\t\t<a class=\"elementor-button elementor-button-link elementor-size-sm\" href=\"\/fr\/nos-solutions-b2b\/pingreporting\/\">\n\t\t\t\t\t\t<span class=\"elementor-button-content-wrapper\">\n\t\t\t\t\t\t\t\t\t<span class=\"elementor-button-text\">En savoir plus<\/span>\n\t\t\t\t\t<\/span>\n\t\t\t\t\t<\/a>\n\t\t\t\t<\/div>\n\t\t\t\t\t\t\t\t<\/div>\n\t\t\t\t<\/div>\n\t\t\t\t<\/div>\n\t\t<div class=\"elementor-element elementor-element-f9a278b e-con-full e-flex e-con e-child\" data-id=\"f9a278b\" data-element_type=\"container\" data-e-type=\"container\">\n\t\t\t\t<div class=\"elementor-element elementor-element-be72e72 elementor-widget elementor-widget-image\" data-id=\"be72e72\" data-element_type=\"widget\" data-e-type=\"widget\" data-widget_type=\"image.default\">\n\t\t\t\t<div class=\"elementor-widget-container\">\n\t\t\t\t\t\t\t\t\t\t\t\t\t\t\t\t<a href=\"\/fr\/nos-solutions-b2b\/integration-api\/\">\n\t\t\t\t\t\t\t<img loading=\"lazy\" decoding=\"async\" width=\"900\" height=\"900\" src=\"http:\/\/www.pingprice.be\/wp-content\/uploads\/2023\/12\/api.svg\" class=\"attachment-full size-full wp-image-29653\" alt=\"\" \/>\t\t\t\t\t\t\t\t<\/a>\n\t\t\t\t\t\t\t\t\t\t\t\t\t\t\t<\/div>\n\t\t\t\t<\/div>\n\t\t\t\t<div class=\"elementor-element elementor-element-31fb74a elementor-widget elementor-widget-heading\" data-id=\"31fb74a\" data-element_type=\"widget\" data-e-type=\"widget\" data-widget_type=\"heading.default\">\n\t\t\t\t<div class=\"elementor-widget-container\">\n\t\t\t\t\t<h5 class=\"elementor-heading-title elementor-size-default\">Int\u00e9gration (API)<\/h5>\t\t\t\t<\/div>\n\t\t\t\t<\/div>\n\t\t\t\t<div class=\"elementor-element elementor-element-fce3673 elementor-align-center elementor-widget elementor-widget-button\" data-id=\"fce3673\" data-element_type=\"widget\" data-e-type=\"widget\" data-widget_type=\"button.default\">\n\t\t\t\t<div class=\"elementor-widget-container\">\n\t\t\t\t\t\t\t\t\t<div class=\"elementor-button-wrapper\">\n\t\t\t\t\t<a class=\"elementor-button elementor-button-link elementor-size-sm\" href=\"\/fr\/nos-solutions-b2b\/integration-api\/\">\n\t\t\t\t\t\t<span class=\"elementor-button-content-wrapper\">\n\t\t\t\t\t\t\t\t\t<span class=\"elementor-button-text\">En savoir plus<\/span>\n\t\t\t\t\t<\/span>\n\t\t\t\t\t<\/a>\n\t\t\t\t<\/div>\n\t\t\t\t\t\t\t\t<\/div>\n\t\t\t\t<\/div>\n\t\t\t\t<\/div>\n\t\t\t\t\t<\/div>\n\t\t\t\t<\/div>\n\t\t<div class=\"elementor-element elementor-element-dc81a67 e-flex e-con-boxed e-con e-parent\" data-id=\"dc81a67\" data-element_type=\"container\" data-e-type=\"container\">\n\t\t\t\t\t<div class=\"e-con-inner\">\n\t\t<div class=\"elementor-element elementor-element-34124a4 e-con-full e-flex e-con e-child\" data-id=\"34124a4\" data-element_type=\"container\" data-e-type=\"container\">\n\t\t\t\t<div class=\"elementor-element elementor-element-b656c33 elementor-widget__width-initial elementor-widget elementor-widget-image\" data-id=\"b656c33\" data-element_type=\"widget\" data-e-type=\"widget\" data-widget_type=\"image.default\">\n\t\t\t\t<div class=\"elementor-widget-container\">\n\t\t\t\t\t\t\t\t\t\t\t\t\t\t\t<img loading=\"lazy\" decoding=\"async\" width=\"780\" height=\"780\" src=\"http:\/\/www.pingprice.be\/wp-content\/uploads\/2023\/12\/b2b_donnee.svg\" class=\"attachment-large size-large wp-image-29688\" alt=\"\" \/>\t\t\t\t\t\t\t\t\t\t\t\t\t\t\t<\/div>\n\t\t\t\t<\/div>\n\t\t\t\t<\/div>\n\t\t<div class=\"elementor-element elementor-element-00b93bd e-con-full e-flex e-con e-child\" data-id=\"00b93bd\" data-element_type=\"container\" data-e-type=\"container\">\n\t\t\t\t<div class=\"elementor-element elementor-element-cd8fcda elementor-widget elementor-widget-text-editor\" data-id=\"cd8fcda\" data-element_type=\"widget\" data-e-type=\"widget\" data-widget_type=\"text-editor.default\">\n\t\t\t\t<div class=\"elementor-widget-container\">\n\t\t\t\t\t\t\t\t\t<p><strong>Con\u00e7u pour l&rsquo;utilisateur B2B<br \/><\/strong>Notre application est constamment mise \u00e0 jour pour vous offrir une exp\u00e9rience optimale, avec des donn\u00e9es \u00e0 jour. Avec une interface conviviale et intuitive, vous pouvez naviguer facilement et acc\u00e9der rapidement \u00e0 tous nos services.<\/p><p><strong>S\u00e9curit\u00e9 et Fiabilit\u00e9<br \/><\/strong>La s\u00e9curit\u00e9 des donn\u00e9es est notre priorit\u00e9 absolue. Notre application utilise les derni\u00e8res technologies de cryptage pour garantir que vos informations personnelles restent s\u00e9curis\u00e9es et prot\u00e9g\u00e9es.<\/p><p><strong>Assistance et Support<br \/><\/strong>Si vous avez des questions ou besoin d&rsquo;assistance, notre \u00e9quipe de support client est toujours disponible pour vous aider. Nous nous engageons \u00e0 fournir un service rapide et efficace pour r\u00e9soudre toute pr\u00e9occupation.<\/p><p><b>D\u00e9couvrez<\/b><strong>\u00a0nos outils<br \/><\/strong>Pour commencer \u00e0 profiter de nos services, organisez une d\u00e9monstration gratuite de notre plateforme.<\/p>\t\t\t\t\t\t\t\t<\/div>\n\t\t\t\t<\/div>\n\t\t\t\t<div class=\"elementor-element elementor-element-2ef9aed elementor-align-left elementor-mobile-align-center elementor-widget elementor-widget-ld_button\" data-id=\"2ef9aed\" data-element_type=\"widget\" data-e-type=\"widget\" data-widget_type=\"ld_button.default\">\n\t\t\t\t<div class=\"elementor-widget-container\">\n\t\t\t\t\t\n\t\t\t<a\n\t\t\t\thref=\"\/fr\/rendez-vous\/\"class=\"elementor-button btn btn-solid btn-hover-txt-liquid-x-alt btn-icon-right btn-hover-reveal btn-has-label\"\t\t\t>\n\t\t\t\t\t\t\t\t\t<span data-text=\"Organiser une d\u00e9mo gratuite\" class=\"btn-txt\" data-transition-delay=\"true\" data-delay-options=\"{&quot;elements&quot;: &quot;.lqd-chars&quot;, &quot;delayType&quot;: &quot;animation&quot;, &quot;startDelay&quot;: 0, &quot;delayBetween&quot;: 32.5, &quot;reverse&quot;: true}\" data-split-text=\"true\" data-split-options=\"{&quot;type&quot;: &quot;chars, words&quot;}\">\n\t\t\t\t\t\tOrganiser une d\u00e9mo gratuite\t\t\t\t\t<\/span>\n\t\t\t\t\t\t\t\t\t\t\t\t\t\t<span class=\"btn-icon\">\n\t\t\t\t\t\t\t<i aria-hidden=\"true\" class=\"lqd-icn-ess icon-md-arrow-forward\"><\/i>\t\t\t\t\t\t<\/span>\n\t\t\t\t\t\t\t\t\t<\/a>\n\t\t\t\t\t\t\t<\/div>\n\t\t\t\t<\/div>\n\t\t\t\t<\/div>\n\t\t\t\t\t<\/div>\n\t\t\t\t<\/div>\n\t\t\t\t<\/div>\n\t\t","protected":false},"excerpt":{"rendered":"<p>Des outils adapt\u00e9s \u00e0 votre activit\u00e9 Chez PingPrice\u2122, nous avons d\u00e9velopp\u00e9 une application SaaS r\u00e9serv\u00e9e aux clients professionnels (enseigne, marque, distributeur&#8230;)\u00a0 pour vous apporter des solutions innovantes, pratiques et faciles d&rsquo;acc\u00e8s. Notre application est con\u00e7ue pour r\u00e9pondre \u00e0 vos besoins sp\u00e9cifiques, avec une vari\u00e9t\u00e9 de fonctionnalit\u00e9s pens\u00e9es pour simplifier votre vie quotidienne. Voici un aper\u00e7u [&hellip;]<\/p>\n","protected":false},"author":1,"featured_media":0,"parent":0,"menu_order":0,"comment_status":"closed","ping_status":"closed","template":"","meta":{"inline_featured_image":false,"footnotes":""},"class_list":["post-29681","page","type-page","status-publish","hentry"],"_links":{"self":[{"href":"https:\/\/www.pingprice.be\/fr\/wp-json\/wp\/v2\/pages\/29681","targetHints":{"allow":["GET"]}}],"collection":[{"href":"https:\/\/www.pingprice.be\/fr\/wp-json\/wp\/v2\/pages"}],"about":[{"href":"https:\/\/www.pingprice.be\/fr\/wp-json\/wp\/v2\/types\/page"}],"author":[{"embeddable":true,"href":"https:\/\/www.pingprice.be\/fr\/wp-json\/wp\/v2\/users\/1"}],"replies":[{"embeddable":true,"href":"https:\/\/www.pingprice.be\/fr\/wp-json\/wp\/v2\/comments?post=29681"}],"version-history":[{"count":43,"href":"https:\/\/www.pingprice.be\/fr\/wp-json\/wp\/v2\/pages\/29681\/revisions"}],"predecessor-version":[{"id":30795,"href":"https:\/\/www.pingprice.be\/fr\/wp-json\/wp\/v2\/pages\/29681\/revisions\/30795"}],"wp:attachment":[{"href":"https:\/\/www.pingprice.be\/fr\/wp-json\/wp\/v2\/media?parent=29681"}],"curies":[{"name":"wp","href":"https:\/\/api.w.org\/{rel}","templated":true}]}}