{"id":31797,"date":"2024-04-23T09:30:20","date_gmt":"2024-04-23T07:30:20","guid":{"rendered":"https:\/\/www.pingprice.be\/?page_id=31797"},"modified":"2025-09-24T09:15:13","modified_gmt":"2025-09-24T07:15:13","slug":"pop-up_hubspot_fr","status":"publish","type":"page","link":"https:\/\/www.pingprice.be\/fr\/pop-up_hubspot_fr\/","title":{"rendered":"Pop-up_hubspot_fr"},"content":{"rendered":"\t\t<div data-elementor-type=\"wp-page\" data-elementor-id=\"31797\" class=\"elementor elementor-31797\" data-elementor-post-type=\"page\">\n\t\t\t\t<div class=\"elementor-element elementor-element-062124e e-flex e-con-boxed e-con e-parent\" data-id=\"062124e\" data-element_type=\"container\" data-e-type=\"container\">\n\t\t\t\t\t<div class=\"e-con-inner\">\n\t\t\t\t\t<\/div>\n\t\t\t\t<\/div>\n\t\t<div class=\"elementor-element elementor-element-5dc3311 e-flex e-con-boxed e-con e-parent\" data-id=\"5dc3311\" data-element_type=\"container\" data-e-type=\"container\">\n\t\t\t\t\t<div class=\"e-con-inner\">\n\t\t\t\t<div class=\"elementor-element elementor-element-5d915de elementor-widget elementor-widget-ld_text_reveal\" data-id=\"5d915de\" data-element_type=\"widget\" data-e-type=\"widget\" data-widget_type=\"ld_text_reveal.default\">\n\t\t\t\t<div class=\"elementor-widget-container\">\n\t\t\t\t\t<h3 class=\"lqd-text-reveal-el mt-0 mb-0\" data-split-text=\"true\" data-split-options=\"{&quot;type&quot;:&quot;words, chars&quot;}\" data-parallax=\"true\" data-parallax-options=\"{&quot;disableOnMobile&quot;:false,&quot;parallaxTargets&quot;:&quot;.lqd-chars, figure&quot;,&quot;start&quot;:&quot;top 70%&quot;,&quot;end&quot;:&quot;bottom bottom&quot;,&quot;scrub&quot;:3,&quot;skipWillChange&quot;:true}\" data-parallax-from=\"{&quot;opacity&quot;:0.2}\" data-parallax-to=\"{&quot;opacity&quot;:1,&quot;stagger&quot;:{&quot;from&quot;:&quot;start&quot;,&quot;each&quot;:1}}\">Nos reportings \u00e9voluent tr\u00e8s rapidement. Afin de vous en proposer la meilleure pr\u00e9sentation, il est pr\u00e9f\u00e9rable de fixer un rendez-vous ci-dessous.<\/h3>\t\t\t\t<\/div>\n\t\t\t\t<\/div>\n\t\t\t\t<div class=\"elementor-element elementor-element-4795302 elementor-widget elementor-widget-html\" data-id=\"4795302\" data-element_type=\"widget\" data-e-type=\"widget\" data-widget_type=\"html.default\">\n\t\t\t\t<div class=\"elementor-widget-container\">\n\t\t\t\t\t<!-- Calendly inline widget begin -->\n<div class=\"calendly-inline-widget\" data-url=\"https:\/\/calendly.com\/pingprice\/demo-pingprice\" style=\"min-width:320px;height:700px;\"><\/div>\n<script type=\"text\/javascript\" src=\"https:\/\/assets.calendly.com\/assets\/external\/widget.js\" async><\/script>\n<!-- Calendly inline widget end -->\t\t\t\t<\/div>\n\t\t\t\t<\/div>\n\t\t\t\t\t<\/div>\n\t\t\t\t<\/div>\n\t\t\t\t<\/div>\n\t\t","protected":false},"excerpt":{"rendered":"<p>Nos reportings \u00e9voluent tr\u00e8s rapidement. Afin de vous en proposer la meilleure pr\u00e9sentation, il est pr\u00e9f\u00e9rable de fixer un rendez-vous ci-dessous.<\/p>\n","protected":false},"author":2,"featured_media":0,"parent":0,"menu_order":0,"comment_status":"closed","ping_status":"closed","template":"","meta":{"inline_featured_image":false,"footnotes":""},"class_list":["post-31797","page","type-page","status-publish","hentry"],"_links":{"self":[{"href":"https:\/\/www.pingprice.be\/fr\/wp-json\/wp\/v2\/pages\/31797","targetHints":{"allow":["GET"]}}],"collection":[{"href":"https:\/\/www.pingprice.be\/fr\/wp-json\/wp\/v2\/pages"}],"about":[{"href":"https:\/\/www.pingprice.be\/fr\/wp-json\/wp\/v2\/types\/page"}],"author":[{"embeddable":true,"href":"https:\/\/www.pingprice.be\/fr\/wp-json\/wp\/v2\/users\/2"}],"replies":[{"embeddable":true,"href":"https:\/\/www.pingprice.be\/fr\/wp-json\/wp\/v2\/comments?post=31797"}],"version-history":[{"count":7,"href":"https:\/\/www.pingprice.be\/fr\/wp-json\/wp\/v2\/pages\/31797\/revisions"}],"predecessor-version":[{"id":32182,"href":"https:\/\/www.pingprice.be\/fr\/wp-json\/wp\/v2\/pages\/31797\/revisions\/32182"}],"wp:attachment":[{"href":"https:\/\/www.pingprice.be\/fr\/wp-json\/wp\/v2\/media?parent=31797"}],"curies":[{"name":"wp","href":"https:\/\/api.w.org\/{rel}","templated":true}]}}